{"id":924,"date":"2022-06-13T13:48:05","date_gmt":"2022-06-13T13:48:05","guid":{"rendered":"https:\/\/cohabitarcarpediem.uy\/coop\/?page_id=924"},"modified":"2025-07-22T14:55:15","modified_gmt":"2025-07-22T14:55:15","slug":"proyecto-arquitectonico","status":"publish","type":"page","link":"https:\/\/cohabitarcarpediem.uy\/coop\/proyecto-arquitectonico\/","title":{"rendered":"Proyecto Arquitect\u00f3nico"},"content":{"rendered":"\t\t<div data-elementor-type=\"wp-page\" data-elementor-id=\"924\" class=\"elementor elementor-924\">\n\t\t\t\t\t\t<section class=\"elementor-section elementor-top-section elementor-element elementor-element-8e8ae7e elementor-section-stretched elementor-section-boxed elementor-section-height-default elementor-section-height-default\" data-id=\"8e8ae7e\" data-element_type=\"section\" data-e-type=\"section\" data-settings=\"{&quot;stretch_section&quot;:&quot;section-stretched&quot;,&quot;background_background&quot;:&quot;classic&quot;}\">\n\t\t\t\t\t\t<div class=\"elementor-container elementor-column-gap-default\">\n\t\t\t\t\t<div class=\"elementor-column elementor-col-100 elementor-top-column elementor-element elementor-element-918332d\" data-id=\"918332d\" data-element_type=\"column\" data-e-type=\"column\">\n\t\t\t<div class=\"elementor-widget-wrap elementor-element-populated\">\n\t\t\t\t\t\t<div class=\"elementor-element elementor-element-d7f1809 elementor-widget elementor-widget-text-editor\" data-id=\"d7f1809\" data-element_type=\"widget\" data-e-type=\"widget\" data-widget_type=\"text-editor.default\">\n\t\t\t\t<div class=\"elementor-widget-container\">\n\t\t\t\t\t\t\t\t\t<p><span style=\"color: #ffffff;\">Una cooperativa de cohabitaci\u00f3n como Carpe Diem, que incluye un sistema de cuidados cuando aparezcan problemas derivados del envejecimiento, requiere un proyecto arquitect\u00f3nico cuyo dise\u00f1o est\u00e9 acorde a la comunidad que lo habitar\u00e1, satisfaciendo tanto las necesidades actuales de vivir en forma activa y saludable, como a las futuras cuando se requiera un mayor grado de cuidados.<\/span><\/p><p><span style=\"color: #ffffff;\">En mayo 2024 comenzamos el proceso de co-dise\u00f1o del espacio junto a un equipo multidisciplinario que aporta sus saberes desde la arquitectura, los sistemas constructivos en madera, el paisajismo, la accesibilidad y la facilitaci\u00f3n de procesos sociales participativos. Ya contamos con el Anteproyecto y en breve tendremos el Proyecto Ejecutivo, base para ajustar los costos de la obra y continuar con los tr\u00e1mites frente a la Intendencia de Montevideo.\u00a0<\/span><\/p><hr \/><p>\u00a0<\/p>\t\t\t\t\t\t\t\t<\/div>\n\t\t\t\t<\/div>\n\t\t\t\t<div class=\"elementor-element elementor-element-3203617 elementor-widget elementor-widget-shortcode\" data-id=\"3203617\" data-element_type=\"widget\" data-e-type=\"widget\" data-widget_type=\"shortcode.default\">\n\t\t\t\t<div class=\"elementor-widget-container\">\n\t\t\t\t\t\t\t<div class=\"elementor-shortcode\"><script type=\"text\/javascript\">\r\ndocument.addEventListener(\"DOMContentLoaded\", function(event) { \r\n\tjQuery( '#slider-pro-3-3521' ).sliderPro({\r\n\t\t\/\/width\r\n\t\t\t\twidth: 1000,\r\n\t\t\t\t\r\n\t\t\/\/height\r\n\t\t\t\theight: 500,\r\n\t\t\t\t\r\n\t\t\/\/auto play\r\n\t\t\t\t\t\tautoplay: true,\r\n\t\tautoplayOnHover: 'pause',\r\n\t\t\t\t\t\tautoplayDelay: 5000,\r\n\t\t\r\n\t\t\r\n\t\tarrows: true,\r\n\t\tbuttons: false,\r\n\t\tsmallSize: 500,\r\n\t\tmediumSize: 1000,\r\n\t\tlargeSize: 3000,\r\n\t\tfade: false,\r\n\t\t\r\n\t\t\/\/thumbnail\r\n\t\tthumbnailArrows: true,\r\n\t\tthumbnailWidth: 120,\r\n\t\tthumbnailHeight: 120,\r\n\t\t\t\t\t\tthumbnailsPosition: 'bottom',\r\n\t\t\t\t\t\tcenterImage: true,\r\n\t\timageScaleMode: 'contain',\r\n\t\tallowScaleUp: true,\r\n\t\t\t\tstartSlide: 0,\r\n\t\tloop: true,\r\n\t\tslideDistance: 5,\r\n\t\tautoplayDirection: 'normal',\r\n\t\ttouchSwipe: true,\r\n\t\tfullScreen: true,\r\n\t});\r\n});\r\n<\/script>\r\n\r\n\t\t<div id=\"slider-pro-3-3521\" class=\"slider-pro\">\r\n\t\t\t<!---- slides div start ---->\r\n\t\t\t<div class=\"sp-slides\">\r\n\t\t\t\t\t\t\t\t\t\t<div class=\"sp-slide\">\r\n\t\t\t\t\t\t\t<img decoding=\"async\" class=\"sp-image\" loading=\"lazy\" alt=\"AccesoAvda.alParqueLecocq\" src=\"https:\/\/cohabitarcarpediem.uy\/coop\/wp-content\/plugins\/ultimate-responsive-image-slider\/assets\/css\/images\/blank.gif\" data-src=\"https:\/\/cohabitarcarpediem.uy\/coop\/wp-content\/uploads\/2025\/07\/AccesoAvda.alParqueLecocq.jpg\" \/>\r\n\r\n\t\t\t\t\t\t\t\r\n\t\t\t\t\t\t\t\t\t\t\t\t\t<\/div>\r\n\t\t\t\t\t\t\t\t\t\t\t\t<div class=\"sp-slide\">\r\n\t\t\t\t\t\t\t<img decoding=\"async\" class=\"sp-image\" loading=\"lazy\" alt=\"INTERIOR DE LOS ALOJAMIENTOS PRIVADOS\" src=\"https:\/\/cohabitarcarpediem.uy\/coop\/wp-content\/plugins\/ultimate-responsive-image-slider\/assets\/css\/images\/blank.gif\" data-src=\"https:\/\/cohabitarcarpediem.uy\/coop\/wp-content\/uploads\/2025\/07\/INTERIOR-DE-LOS-ALOJAMIENTOS-PRIVADOS.jpg\" \/>\r\n\r\n\t\t\t\t\t\t\t\r\n\t\t\t\t\t\t\t\t\t\t\t\t\t<\/div>\r\n\t\t\t\t\t\t\t\t\t\t\t\t<div class=\"sp-slide\">\r\n\t\t\t\t\t\t\t<img decoding=\"async\" class=\"sp-image\" loading=\"lazy\" alt=\"CASA COMUN Y PARRILLERO\" src=\"https:\/\/cohabitarcarpediem.uy\/coop\/wp-content\/plugins\/ultimate-responsive-image-slider\/assets\/css\/images\/blank.gif\" data-src=\"https:\/\/cohabitarcarpediem.uy\/coop\/wp-content\/uploads\/2025\/07\/CASA-COMUN-Y-PARRILLERO.jpg\" \/>\r\n\r\n\t\t\t\t\t\t\t\r\n\t\t\t\t\t\t\t\t\t\t\t\t\t<\/div>\r\n\t\t\t\t\t\t\t\t\t\t\t\t<div class=\"sp-slide\">\r\n\t\t\t\t\t\t\t<img decoding=\"async\" class=\"sp-image\" loading=\"lazy\" alt=\"Alojamientos privados, corredor y jardines del frente de los alojamientos\" src=\"https:\/\/cohabitarcarpediem.uy\/coop\/wp-content\/plugins\/ultimate-responsive-image-slider\/assets\/css\/images\/blank.gif\" data-src=\"https:\/\/cohabitarcarpediem.uy\/coop\/wp-content\/uploads\/2025\/07\/Alojamientos-privados-corredor-y-jardines-del-frente-de-los-alojamientos.jpg\" \/>\r\n\r\n\t\t\t\t\t\t\t\r\n\t\t\t\t\t\t\t\t\t\t\t\t\t<\/div>\r\n\t\t\t\t\t\t\t\t\t\t\t\t<div class=\"sp-slide\">\r\n\t\t\t\t\t\t\t<img decoding=\"async\" class=\"sp-image\" loading=\"lazy\" alt=\"VistaGeneraldelComplejo\" src=\"https:\/\/cohabitarcarpediem.uy\/coop\/wp-content\/plugins\/ultimate-responsive-image-slider\/assets\/css\/images\/blank.gif\" data-src=\"https:\/\/cohabitarcarpediem.uy\/coop\/wp-content\/uploads\/2025\/07\/VistaGeneraldelComplejo.jpg\" \/>\r\n\r\n\t\t\t\t\t\t\t\r\n\t\t\t\t\t\t\t\t\t\t\t\t\t<\/div>\r\n\t\t\t\t\t\t\t\t\t<\/div>\r\n\t\t\t\r\n\t\t\t<!---- slides div end ---->\r\n\t\t\t\t\t\t<!-- slides thumbnails div start -->\r\n\t\t\t<div class=\"sp-thumbnails\">\r\n\t\t\t\t\t\t\t\t\t\t<img decoding=\"async\" class=\"sp-thumbnail\" loading=\"lazy\" src=\"https:\/\/cohabitarcarpediem.uy\/coop\/wp-content\/plugins\/ultimate-responsive-image-slider\/assets\/img\/loading.gif\" data-src=\"https:\/\/cohabitarcarpediem.uy\/coop\/wp-content\/uploads\/2025\/07\/AccesoAvda.alParqueLecocq-857x600.jpg\" alt=\"AccesoAvda.alParqueLecocq\"\/>\r\n\t\t\t\t\t\t\t\t\t\t\t<img decoding=\"async\" class=\"sp-thumbnail\" loading=\"lazy\" src=\"https:\/\/cohabitarcarpediem.uy\/coop\/wp-content\/plugins\/ultimate-responsive-image-slider\/assets\/img\/loading.gif\" data-src=\"https:\/\/cohabitarcarpediem.uy\/coop\/wp-content\/uploads\/2025\/07\/INTERIOR-DE-LOS-ALOJAMIENTOS-PRIVADOS-857x600.jpg\" alt=\"INTERIOR DE LOS ALOJAMIENTOS PRIVADOS\"\/>\r\n\t\t\t\t\t\t\t\t\t\t\t<img decoding=\"async\" class=\"sp-thumbnail\" loading=\"lazy\" src=\"https:\/\/cohabitarcarpediem.uy\/coop\/wp-content\/plugins\/ultimate-responsive-image-slider\/assets\/img\/loading.gif\" data-src=\"https:\/\/cohabitarcarpediem.uy\/coop\/wp-content\/uploads\/2025\/07\/CASA-COMUN-Y-PARRILLERO-857x600.jpg\" alt=\"CASA COMUN Y PARRILLERO\"\/>\r\n\t\t\t\t\t\t\t\t\t\t\t<img decoding=\"async\" class=\"sp-thumbnail\" loading=\"lazy\" src=\"https:\/\/cohabitarcarpediem.uy\/coop\/wp-content\/plugins\/ultimate-responsive-image-slider\/assets\/img\/loading.gif\" data-src=\"https:\/\/cohabitarcarpediem.uy\/coop\/wp-content\/uploads\/2025\/07\/Alojamientos-privados-corredor-y-jardines-del-frente-de-los-alojamientos-857x600.jpg\" alt=\"Alojamientos privados, corredor y jardines del frente de los alojamientos\"\/>\r\n\t\t\t\t\t\t\t\t\t\t\t<img decoding=\"async\" class=\"sp-thumbnail\" loading=\"lazy\" src=\"https:\/\/cohabitarcarpediem.uy\/coop\/wp-content\/plugins\/ultimate-responsive-image-slider\/assets\/img\/loading.gif\" data-src=\"https:\/\/cohabitarcarpediem.uy\/coop\/wp-content\/uploads\/2025\/07\/VistaGeneraldelComplejo-857x600.jpg\" alt=\"VistaGeneraldelComplejo\"\/>\r\n\t\t\t\t\t\t\t\t<\/div>\r\n\t\t\t\t\t\t<!-- slides thumbnails div end -->\r\n\t\t<\/div>\r\n\t\t<style>\r\n\/* Layout 3 *\/\r\n\/* border *\/\r\n#slider-pro-3-3521 .sp-selected-thumbnail {\r\n\tborder: 4px solid #000000;\r\n}\r\n\r\n\/* font + color *\/\r\n.title-in  {\r\n\tfont-family: Arial !important;\r\n\tcolor: #FFFFFF !important;\r\n\tbackground-color: #000000 !important;\r\n\topacity: 0.7 !important;\r\n}\r\n.desc-in  {\r\n\tfont-family: Arial !important;\r\n\tcolor: #FFFFFF !important;\r\n\tbackground-color: #00000 !important;\r\n\topacity: 0.7 !important;\r\n}\r\n\r\n\/* bullets color *\/\r\n.sp-button  {\r\n\tborder: 2px solid #000000 !important;\r\n}\r\n.sp-selected-button  {\r\n\tbackground-color: #000000 !important;\r\n}\r\n\r\n\/* pointer color - bottom *\/\r\n.sp-selected-thumbnail::before {\r\n\tborder-bottom: 5px solid #000000 !important;\r\n}\r\n.sp-selected-thumbnail::after {\r\n\tborder-bottom: 13px solid #000000 !important;\r\n}\r\n\r\n\/* pointer color - top *\/\r\n\r\n\/* full screen icon *\/\r\n.sp-full-screen-button::before {\r\n    color: #dd9933 !important;\r\n}\r\n\r\n\/* hover navigation icon color *\/\r\n.sp-next-arrow::after, .sp-next-arrow::before {\r\n\tbackground-color: #dd9933 !important;\r\n}\r\n.sp-previous-arrow::after, .sp-previous-arrow::before {\r\n\tbackground-color: #dd9933 !important;\r\n}\r\n\r\n#slider-pro-3-3521 .title-in {\r\n\tcolor: #FFFFFF !important;\r\n\tfont-weight: bolder;\r\n\ttext-align: center;\r\n}\r\n\r\n#slider-pro-3-3521 .title-in-bg {\r\n\tbackground: rgba(255, 255, 255, 0.7); !important;\r\n\twhite-space: unset !important;\r\n\ttransform: initial !important;\r\n\t-webkit-transform: initial !important;\r\n\tfont-size: 14px !important;\r\n}\r\n\r\n#slider-pro-3-3521 .desc-in {\r\n\tcolor: #FFFFFF !important;\r\n\ttext-align: center;\r\n}\r\n#slider-pro-3-3521 .desc-in-bg {\r\n\tbackground: rgba(#00000, 0.7) !important;\r\n\twhite-space: unset !important;\r\n\ttransform: initial !important;\r\n\t-webkit-transform: initial !important;\r\n\tfont-size: 13px !important;\r\n}\r\n\r\n@media (max-width: 640px) {\r\n\t#slider-pro-3-3521 .hide-small-screen {\r\n\t\tdisplay: none;\r\n\t}\r\n}\r\n\r\n@media (max-width: 860px) {\r\n\t#slider-pro-3-3521 .sp-layer {\r\n\t\tfont-size: 18px;\r\n\t}\r\n\t\r\n\t#slider-pro-3-3521 .hide-medium-screen {\r\n\t\tdisplay: none;\r\n\t}\r\n}\r\n.slides-not-found {\r\n\tbackground-color: #a92929;\r\n\tborder-radius: 5px;\r\n\tcolor: #fff;\r\n\tfont-family: initial;\r\n\ttext-align: center;\r\n\tpadding:12px;\r\n}\r\n\/* Custom CSS *\/\r\n<\/style>\r\n<\/div>\n\t\t\t\t\t\t<\/div>\n\t\t\t\t<\/div>\n\t\t\t\t<div class=\"elementor-element elementor-element-983e6a4 elementor-widget elementor-widget-text-editor\" data-id=\"983e6a4\" data-element_type=\"widget\" data-e-type=\"widget\" data-widget_type=\"text-editor.default\">\n\t\t\t\t<div class=\"elementor-widget-container\">\n\t\t\t\t\t\t\t\t\t<p style=\"text-align: center;\"><span style=\"color: #ffffff; font-family: var(--sp-font-sans-serif); font-style: inherit; text-transform: inherit;\"><strong>ANTEPROYECTO ARQUITECT\u00d3NICO<\/strong><\/span><\/p><hr \/><p>\u00a0<\/p><p><span style=\"color: #ffffff;\">El dise\u00f1o prev\u00e9 una \u201ccasa com\u00fan\u201d que provea espacio para desarrollar muchas de nuestras actividades cotidianas. Entre ellos: sal\u00f3n de usos m\u00faltiples (SUM) con cocina integrada y despensa, parrillero, lavadero-secadero com\u00fan, local salud, espacio de estacionamiento vehicular y un n\u00famero de alojamientos privados que atender\u00e1 la sustentabilidad econ\u00f3mico-financiero y social del proyecto.<\/span><\/p><p><span style=\"color: #ffffff;\">Contamos con un terreno de 68.000 m2 con excelentes accesos, un hermoso bosque de especies ex\u00f3ticas y otro de omb\u00faes, y un \u00e1rea que hace a\u00f1os se destinaba a horticultura comercial. En esos espacios est\u00e1 previsto recuperar el parque con el control de especies ex\u00f3ticas invasoras, generar senderos y lugares de recreaci\u00f3n, contar con una huerta agroecol\u00f3gica, una planta de tratamiento de aguas, un \u00e1rea deportiva, un parque infantil y potencialmente un \u00e1rea productiva.<\/span><\/p><p><span style=\"color: #ffffff;\">Otro aspecto muy relevante del proyecto es la gesti\u00f3n ambiental, maximizando los espacios verdes, el uso de energ\u00edas renovables, el reciclado en su m\u00e1s amplio concepto y la reutilizaci\u00f3n del agua.<\/span><br \/><span style=\"color: #ffffff;\">Se prioriza realizar las construcciones utilizando madera como material principal, as\u00ed como introducir par\u00e1metros bioclim\u00e1ticos en su dise\u00f1o para lograr un edificio pasivo, prestando especial cuidado a la orientaci\u00f3n para lograr el confort con el m\u00ednimo costo asociado.<\/span><\/p>\t\t\t\t\t\t\t\t<\/div>\n\t\t\t\t<\/div>\n\t\t\t\t\t<\/div>\n\t\t<\/div>\n\t\t\t\t\t<\/div>\n\t\t<\/section>\n\t\t\t\t<section class=\"elementor-section elementor-top-section elementor-element elementor-element-3a78745 elementor-section-stretched elementor-section-boxed elementor-section-height-default elementor-section-height-default\" data-id=\"3a78745\" data-element_type=\"section\" data-e-type=\"section\" data-settings=\"{&quot;stretch_section&quot;:&quot;section-stretched&quot;,&quot;background_background&quot;:&quot;classic&quot;}\">\n\t\t\t\t\t\t<div class=\"elementor-container elementor-column-gap-default\">\n\t\t\t\t\t<div class=\"elementor-column elementor-col-100 elementor-top-column elementor-element elementor-element-12d7b02\" data-id=\"12d7b02\" data-element_type=\"column\" data-e-type=\"column\">\n\t\t\t<div class=\"elementor-widget-wrap elementor-element-populated\">\n\t\t\t\t\t\t<div class=\"elementor-element elementor-element-727ddab elementor-widget elementor-widget-text-editor\" data-id=\"727ddab\" data-element_type=\"widget\" data-e-type=\"widget\" data-widget_type=\"text-editor.default\">\n\t\t\t\t<div class=\"elementor-widget-container\">\n\t\t\t\t\t\t\t\t\t<p><img fetchpriority=\"high\" decoding=\"async\" class=\"aligncenter wp-image-2904 size-full\" src=\"https:\/\/cohabitarcarpediem.uy\/coop\/wp-content\/uploads\/2024\/07\/PENSANDO-EL-ESPACIO-20-DE-JULIO22.jpg\" alt=\"\" width=\"900\" height=\"675\" srcset=\"https:\/\/cohabitarcarpediem.uy\/coop\/wp-content\/uploads\/2024\/07\/PENSANDO-EL-ESPACIO-20-DE-JULIO22.jpg 900w, https:\/\/cohabitarcarpediem.uy\/coop\/wp-content\/uploads\/2024\/07\/PENSANDO-EL-ESPACIO-20-DE-JULIO22-800x600.jpg 800w, https:\/\/cohabitarcarpediem.uy\/coop\/wp-content\/uploads\/2024\/07\/PENSANDO-EL-ESPACIO-20-DE-JULIO22-150x113.jpg 150w, https:\/\/cohabitarcarpediem.uy\/coop\/wp-content\/uploads\/2024\/07\/PENSANDO-EL-ESPACIO-20-DE-JULIO22-768x576.jpg 768w\" sizes=\"(max-width: 900px) 100vw, 900px\" \/><\/p><p style=\"text-align: center;\">Pensando el espacio, 20 julio 2024<\/p><p style=\"text-align: center;\"><strong>Seguimos avanzando hacia la concreci\u00f3n del sue\u00f1o de nuestra casa com\u00fan en armon\u00eda con la naturaleza.<\/strong><\/p>\t\t\t\t\t\t\t\t<\/div>\n\t\t\t\t<\/div>\n\t\t\t\t\t<\/div>\n\t\t<\/div>\n\t\t\t\t\t<\/div>\n\t\t<\/section>\n\t\t\t\t<\/div>\n\t\t","protected":false},"excerpt":{"rendered":"<p>Una cooperativa de cohabitaci\u00f3n como Carpe Diem, que incluye un sistema de cuidados cuando aparezcan problemas derivados del envejecimiento, requiere un proyecto arquitect\u00f3nico cuyo dise\u00f1o est\u00e9 acorde a la comunidad que lo habitar\u00e1, satisfaciendo tanto las necesidades actuales de vivir en forma activa y saludable, como a las futuras cuando se requiera un mayor grado [&hellip;]<\/p>\n","protected":false},"author":1,"featured_media":0,"parent":0,"menu_order":3,"comment_status":"closed","ping_status":"closed","template":"","meta":{"footnotes":""},"class_list":["post-924","page","type-page","status-publish","hentry"],"_links":{"self":[{"href":"https:\/\/cohabitarcarpediem.uy\/coop\/wp-json\/wp\/v2\/pages\/924","targetHints":{"allow":["GET"]}}],"collection":[{"href":"https:\/\/cohabitarcarpediem.uy\/coop\/wp-json\/wp\/v2\/pages"}],"about":[{"href":"https:\/\/cohabitarcarpediem.uy\/coop\/wp-json\/wp\/v2\/types\/page"}],"author":[{"embeddable":true,"href":"https:\/\/cohabitarcarpediem.uy\/coop\/wp-json\/wp\/v2\/users\/1"}],"replies":[{"embeddable":true,"href":"https:\/\/cohabitarcarpediem.uy\/coop\/wp-json\/wp\/v2\/comments?post=924"}],"version-history":[{"count":169,"href":"https:\/\/cohabitarcarpediem.uy\/coop\/wp-json\/wp\/v2\/pages\/924\/revisions"}],"predecessor-version":[{"id":3547,"href":"https:\/\/cohabitarcarpediem.uy\/coop\/wp-json\/wp\/v2\/pages\/924\/revisions\/3547"}],"wp:attachment":[{"href":"https:\/\/cohabitarcarpediem.uy\/coop\/wp-json\/wp\/v2\/media?parent=924"}],"curies":[{"name":"wp","href":"https:\/\/api.w.org\/{rel}","templated":true}]}}