{"id":819,"date":"2022-06-09T16:43:59","date_gmt":"2022-06-09T16:43:59","guid":{"rendered":"https:\/\/cohabitarcarpediem.uy\/coop\/?page_id=819"},"modified":"2023-07-01T15:36:57","modified_gmt":"2023-07-01T15:36:57","slug":"que-es-carpe-diem","status":"publish","type":"page","link":"https:\/\/cohabitarcarpediem.uy\/coop\/que-es-carpe-diem\/","title":{"rendered":"Qu\u00e9 es Carpe diem?"},"content":{"rendered":"\t\t<div data-elementor-type=\"wp-page\" data-elementor-id=\"819\" class=\"elementor elementor-819\">\n\t\t\t\t\t\t<section class=\"elementor-section elementor-top-section elementor-element elementor-element-99eb6cd elementor-section-stretched elementor-section-boxed elementor-section-height-default elementor-section-height-default\" data-id=\"99eb6cd\" data-element_type=\"section\" data-e-type=\"section\" data-settings=\"{&quot;stretch_section&quot;:&quot;section-stretched&quot;,&quot;background_background&quot;:&quot;classic&quot;}\">\n\t\t\t\t\t\t<div class=\"elementor-container elementor-column-gap-default\">\n\t\t\t\t\t<div class=\"elementor-column elementor-col-100 elementor-top-column elementor-element elementor-element-278f60d3\" data-id=\"278f60d3\" data-element_type=\"column\" data-e-type=\"column\">\n\t\t\t<div class=\"elementor-widget-wrap elementor-element-populated\">\n\t\t\t\t\t\t<div class=\"elementor-element elementor-element-b4ce4a4 elementor-widget elementor-widget-spacer\" data-id=\"b4ce4a4\" data-element_type=\"widget\" data-e-type=\"widget\" data-widget_type=\"spacer.default\">\n\t\t\t\t<div class=\"elementor-widget-container\">\n\t\t\t\t\t\t\t<div class=\"elementor-spacer\">\n\t\t\t<div class=\"elementor-spacer-inner\"><\/div>\n\t\t<\/div>\n\t\t\t\t\t\t<\/div>\n\t\t\t\t<\/div>\n\t\t\t\t<div class=\"elementor-element elementor-element-21da44e2 elementor-widget elementor-widget-text-editor\" data-id=\"21da44e2\" data-element_type=\"widget\" data-e-type=\"widget\" data-widget_type=\"text-editor.default\">\n\t\t\t\t<div class=\"elementor-widget-container\">\n\t\t\t\t\t\t\t\t\t\n<p>CARPE DIEM es una cooperativa de cohabitaci\u00f3n y cuidados que se propone vivir la madurez en forma activa, aut\u00f3noma y colaborativa. El proyecto nace desde el conocimiento de los desaf\u00edos de la tercera edad y las implicancias del envejecimiento.<\/p>\n\n<p>Se presenta como una experiencia transformadora que busca convertir a este colectivo en una poblaci\u00f3n organizada, productiva, solidaria y saludable, considerando que transitar por la tercera edad puede tambi\u00e9n ser un desaf\u00edo estimulante y vital.<\/p>\n\n<p>Esta manera de entender la vida en com\u00fan supone un espacio confortable, que valora la capacidad de las personas de valerse y decidir por s\u00ed mismas, de ayudarse mutuamente y sostenerse a trav\u00e9s de actividades cooperativas y compartidas<\/p>\n\t\t\t\t\t\t\t\t<\/div>\n\t\t\t\t<\/div>\n\t\t\t\t\t<\/div>\n\t\t<\/div>\n\t\t\t\t\t<\/div>\n\t\t<\/section>\n\t\t\t\t<\/div>\n\t\t","protected":false},"excerpt":{"rendered":"<p>CARPE DIEM es una cooperativa de cohabitaci\u00f3n y cuidados que se propone vivir la madurez en forma activa, aut\u00f3noma y colaborativa. El proyecto nace desde el conocimiento de los desaf\u00edos de la tercera edad y las implicancias del envejecimiento. Se presenta como una experiencia transformadora que busca convertir a este colectivo en una poblaci\u00f3n organizada, [&hellip;]<\/p>\n","protected":false},"author":1,"featured_media":0,"parent":0,"menu_order":0,"comment_status":"closed","ping_status":"closed","template":"","meta":{"footnotes":""},"class_list":["post-819","page","type-page","status-publish","hentry"],"_links":{"self":[{"href":"https:\/\/cohabitarcarpediem.uy\/coop\/wp-json\/wp\/v2\/pages\/819","targetHints":{"allow":["GET"]}}],"collection":[{"href":"https:\/\/cohabitarcarpediem.uy\/coop\/wp-json\/wp\/v2\/pages"}],"about":[{"href":"https:\/\/cohabitarcarpediem.uy\/coop\/wp-json\/wp\/v2\/types\/page"}],"author":[{"embeddable":true,"href":"https:\/\/cohabitarcarpediem.uy\/coop\/wp-json\/wp\/v2\/users\/1"}],"replies":[{"embeddable":true,"href":"https:\/\/cohabitarcarpediem.uy\/coop\/wp-json\/wp\/v2\/comments?post=819"}],"version-history":[{"count":13,"href":"https:\/\/cohabitarcarpediem.uy\/coop\/wp-json\/wp\/v2\/pages\/819\/revisions"}],"predecessor-version":[{"id":1826,"href":"https:\/\/cohabitarcarpediem.uy\/coop\/wp-json\/wp\/v2\/pages\/819\/revisions\/1826"}],"wp:attachment":[{"href":"https:\/\/cohabitarcarpediem.uy\/coop\/wp-json\/wp\/v2\/media?parent=819"}],"curies":[{"name":"wp","href":"https:\/\/api.w.org\/{rel}","templated":true}]}}