{"id":533,"date":"2022-05-09T17:58:32","date_gmt":"2022-05-09T17:58:32","guid":{"rendered":"https:\/\/cohabitarcarpediem.uy\/coop\/?page_id=533"},"modified":"2026-01-29T18:42:29","modified_gmt":"2026-01-29T18:42:29","slug":"linea-de-tiempo-2022","status":"publish","type":"page","link":"https:\/\/cohabitarcarpediem.uy\/coop\/linea-de-tiempo-2022\/","title":{"rendered":"Nuestra Historia"},"content":{"rendered":"\t\t<div data-elementor-type=\"wp-page\" data-elementor-id=\"533\" class=\"elementor elementor-533\">\n\t\t\t\t\t\t<section class=\"elementor-section elementor-top-section elementor-element elementor-element-550c915 elementor-section-full_width elementor-section-stretched elementor-section-height-default elementor-section-height-default\" data-id=\"550c915\" data-element_type=\"section\" data-e-type=\"section\" data-settings=\"{&quot;stretch_section&quot;:&quot;section-stretched&quot;}\">\n\t\t\t\t\t\t<div class=\"elementor-container elementor-column-gap-default\">\n\t\t\t\t\t<div class=\"elementor-column elementor-col-100 elementor-top-column elementor-element elementor-element-8b29f10\" data-id=\"8b29f10\" data-element_type=\"column\" data-e-type=\"column\">\n\t\t\t<div class=\"elementor-widget-wrap elementor-element-populated\">\n\t\t\t\t\t\t<div class=\"elementor-element elementor-element-8302e6b elementor-widget elementor-widget-image\" data-id=\"8302e6b\" data-element_type=\"widget\" data-e-type=\"widget\" data-widget_type=\"image.default\">\n\t\t\t\t<div class=\"elementor-widget-container\">\n\t\t\t\t\t\t\t\t\t\t\t\t\t\t\t<img fetchpriority=\"high\" decoding=\"async\" width=\"968\" height=\"777\" src=\"https:\/\/cohabitarcarpediem.uy\/coop\/wp-content\/uploads\/2024\/12\/ESCALERA.jpg\" class=\"attachment-full size-full wp-image-3229\" alt=\"\" srcset=\"https:\/\/cohabitarcarpediem.uy\/coop\/wp-content\/uploads\/2024\/12\/ESCALERA.jpg 968w, https:\/\/cohabitarcarpediem.uy\/coop\/wp-content\/uploads\/2024\/12\/ESCALERA-747x600.jpg 747w, https:\/\/cohabitarcarpediem.uy\/coop\/wp-content\/uploads\/2024\/12\/ESCALERA-150x120.jpg 150w, https:\/\/cohabitarcarpediem.uy\/coop\/wp-content\/uploads\/2024\/12\/ESCALERA-768x616.jpg 768w\" sizes=\"(max-width: 968px) 100vw, 968px\" \/>\t\t\t\t\t\t\t\t\t\t\t\t\t\t\t<\/div>\n\t\t\t\t<\/div>\n\t\t\t\t\t<\/div>\n\t\t<\/div>\n\t\t\t\t\t<\/div>\n\t\t<\/section>\n\t\t\t\t<section class=\"elementor-section elementor-top-section elementor-element elementor-element-d0b0a60 elementor-section-boxed elementor-section-height-default elementor-section-height-default\" data-id=\"d0b0a60\" data-element_type=\"section\" data-e-type=\"section\">\n\t\t\t\t\t\t<div class=\"elementor-container elementor-column-gap-default\">\n\t\t\t\t\t<div class=\"elementor-column elementor-col-100 elementor-top-column elementor-element elementor-element-596e480\" data-id=\"596e480\" data-element_type=\"column\" data-e-type=\"column\">\n\t\t\t<div class=\"elementor-widget-wrap elementor-element-populated\">\n\t\t\t\t\t\t<div class=\"elementor-element elementor-element-a5208d6 elementor-widget elementor-widget-spacer\" data-id=\"a5208d6\" data-element_type=\"widget\" data-e-type=\"widget\" data-widget_type=\"spacer.default\">\n\t\t\t\t<div class=\"elementor-widget-container\">\n\t\t\t\t\t\t\t<div class=\"elementor-spacer\">\n\t\t\t<div class=\"elementor-spacer-inner\"><\/div>\n\t\t<\/div>\n\t\t\t\t\t\t<\/div>\n\t\t\t\t<\/div>\n\t\t\t\t<div class=\"elementor-element elementor-element-035f771 elementor-widget elementor-widget-text-editor\" data-id=\"035f771\" data-element_type=\"widget\" data-e-type=\"widget\" data-widget_type=\"text-editor.default\">\n\t\t\t\t<div class=\"elementor-widget-container\">\n\t\t\t\t\t\t\t\t\t<p><strong>CARPE DIEM<\/strong>\u00a0tuvo su g\u00e9nesis en 2016, a partir de intercambios entre diferentes grupos de amigos con ideas similares sobre el tr\u00e1nsito de la vida en la tercera edad, que derivaron en invitaciones extendidas a personas del entorno.<br \/>Durante 2017 se sucedieron ingresos y egresos de integrantes hasta constituirse un \u201cn\u00facleo embrionario\u201d que comenz\u00f3 a tomar decisiones para consolidar el rumbo del proyecto.<\/p><p>En agosto de 2018 realizamos una invitaci\u00f3n personalizada a nuevos integrantes, consolid\u00e1ndose as\u00ed el grupo que se postula para participar de un proceso de incubaci\u00f3n en Incubacoop. La propuesta fue seleccionada por su car\u00e1cter innovador y necesario para el pa\u00eds.<br \/>El proceso de incubaci\u00f3n se inici\u00f3 en marzo 2019, recibiendo capacitaci\u00f3n en cooperativismo y gesti\u00f3n cooperativa y el apoyo mediante servicios profesionales de tutores y consultores en distintos ejes, para poder transformar la idea en un proyecto.<\/p><p>Durante 2020 trabajamos intensamente en la elaboraci\u00f3n del Estatuto y Plan de Negocios de Carpe Diem.<\/p><p>En 2021 ingresamos el proyecto de Estatuto a la Oficina Nacional de Registro, para obtener la personer\u00eda jur\u00eddica; adem\u00e1s de avanzar en contactos con empresas constructoras y potenciales financiadores. En agosto 2022 los Estatutos fueron aprobados e iniciamos la convocatoria a nuevo-as amigo-as para ser parte de este sue\u00f1o.<br \/>En diciembre 2023 concretamos la compra de terreno sito en Avda Luis Battle Berres 9820. Se trata de un predio de 6,8 ha que nos permitir\u00e1 estar cerquita de nuestros afectos y de servicios, y vivir en \u201darmon\u00eda con la naturaleza\u201d como se\u00f1ala nuestra consigna.<\/p><p>Este a\u00f1o 2024 se sumaron siete nuev@s compas, y conformamos un colectivo de carpedienses muy entusiasmado-as con el proyecto. Finalizando el a\u00f1o, la Cooperativa terminaba el anteproyecto arquitect\u00f3nico y paisaj\u00edstico junto al equipo multidisciplinario que nos acompa\u00f1a.<br \/>Durante 2025 trabajamos en torno al proceso de ingreso de nuevo-as socio-as para llegar a nuestra meta, en lo posible, antes de empezar la construcci\u00f3n. Continuamos el proceso de ajuste del proyecto arquitect\u00f3nico y los acuerdos con la Intendencia de Montevideo para habilitar la construcci\u00f3n. Finalizando este a\u00f1o, ingresamos el Estudio de Impacto Territorial, estudio requerido por la IM para lograr los permisos de construcci\u00f3n.<\/p><p>Este 2026 tendr\u00e1 como prioridad fortalecer el proceso de ingreso de socio-as buscando acercarnos a la meta que habilita la sustentabilidad econ\u00f3mica y social del proyecto, dar seguimiento a los tr\u00e1mites para obtener los permisos de construcci\u00f3n, embellecer el predio para disfrutarlo plenamente por parte de quienes integramos la cooperativa y tambi\u00e9n la comunidad (el bosque de omb\u00faes, los jardines, la casona existente) y continuar con la b\u00fasqueda de apoyo financiero para facilitar el inicio de la construcci\u00f3n a fines de este a\u00f1o.<\/p><p><strong>En este 2026 Carpe Diem se volver\u00e1 una realidad para quienes se animen a integrarse al proyecto<\/strong><\/p><p>\u00a0<\/p>\t\t\t\t\t\t\t\t<\/div>\n\t\t\t\t<\/div>\n\t\t\t\t\t<\/div>\n\t\t<\/div>\n\t\t\t\t\t<\/div>\n\t\t<\/section>\n\t\t\t\t<\/div>\n\t\t","protected":false},"excerpt":{"rendered":"<p>CARPE DIEM\u00a0tuvo su g\u00e9nesis en 2016, a partir de intercambios entre diferentes grupos de amigos con ideas similares sobre el tr\u00e1nsito de la vida en la tercera edad, que derivaron en invitaciones extendidas a personas del entorno.Durante 2017 se sucedieron ingresos y egresos de integrantes hasta constituirse un \u201cn\u00facleo embrionario\u201d que comenz\u00f3 a tomar decisiones [&hellip;]<\/p>\n","protected":false},"author":1,"featured_media":0,"parent":0,"menu_order":0,"comment_status":"closed","ping_status":"closed","template":"templates\/template-page-full-width.php","meta":{"footnotes":""},"class_list":["post-533","page","type-page","status-publish","hentry"],"_links":{"self":[{"href":"https:\/\/cohabitarcarpediem.uy\/coop\/wp-json\/wp\/v2\/pages\/533","targetHints":{"allow":["GET"]}}],"collection":[{"href":"https:\/\/cohabitarcarpediem.uy\/coop\/wp-json\/wp\/v2\/pages"}],"about":[{"href":"https:\/\/cohabitarcarpediem.uy\/coop\/wp-json\/wp\/v2\/types\/page"}],"author":[{"embeddable":true,"href":"https:\/\/cohabitarcarpediem.uy\/coop\/wp-json\/wp\/v2\/users\/1"}],"replies":[{"embeddable":true,"href":"https:\/\/cohabitarcarpediem.uy\/coop\/wp-json\/wp\/v2\/comments?post=533"}],"version-history":[{"count":100,"href":"https:\/\/cohabitarcarpediem.uy\/coop\/wp-json\/wp\/v2\/pages\/533\/revisions"}],"predecessor-version":[{"id":3675,"href":"https:\/\/cohabitarcarpediem.uy\/coop\/wp-json\/wp\/v2\/pages\/533\/revisions\/3675"}],"wp:attachment":[{"href":"https:\/\/cohabitarcarpediem.uy\/coop\/wp-json\/wp\/v2\/media?parent=533"}],"curies":[{"name":"wp","href":"https:\/\/api.w.org\/{rel}","templated":true}]}}